{"id":10293,"date":"2023-12-18T09:15:22","date_gmt":"2023-12-18T09:15:22","guid":{"rendered":"https:\/\/staging.unitedspaces.com\/?page_id=10293"},"modified":"2026-03-12T11:14:15","modified_gmt":"2026-03-12T11:14:15","slug":"ramavtal-avbokningsregler","status":"publish","type":"page","link":"https:\/\/staging.unitedspaces.com\/sv\/ramavtal-avbokningsregler","title":{"rendered":"Bokningsvillkor Ramavtal"},"content":{"rendered":"\n<section class=\"wp-block-noor-blocks-section nb-section position-relative  pt-144 pb-96 pt-md-176 pt-lg-256 pb-lg-144 bg-light-red\">\n<div class=\"wp-block-noor-blocks-container nb-container container-fluid\">\n<div class=\"wp-block-noor-blocks-row nb-row row\">\n<div class=\"wp-block-noor-blocks-column col nb-column col-12 col-lg-6\">\n<h1 class=\"wp-block-noor-blocks-heading nb-heading nb-heading-h1 mb-32 mb-lg-0  content-animation\">Bokningsvillkor Ramavtal<\/h1>\n<\/div>\n\n\n\n<div class=\"wp-block-noor-blocks-column col nb-column col-12 col-lg-4\"><\/div>\n<\/div>\n<\/div>\n<\/section>\n\n\n\n<section class=\"wp-block-noor-blocks-section nb-section position-relative  py-64 py-lg-96\">\n<div class=\"wp-block-noor-blocks-container nb-container container-fluid\">\n<div class=\"wp-block-noor-blocks-row nb-row row\">\n<div class=\"wp-block-noor-blocks-column col nb-column col-12 col-lg-6 offset-lg-3\">\n<h4 class=\"wp-block-noor-blocks-heading nb-heading nb-heading-h4  pb-24\">3.1.9 Avbokningsregler<\/h4>\n\n\n\n<p>Avbokningen ska ske skriftligt. <\/p>\n\n\n\n<p>I tabellen visas, f\u00f6r respektive deltagarspann, hur m\u00e5nga dagar f\u00f6re konferensstart som avbokning av en procentuell andel (100, 75, 50, 25 och 5 procent) av det avtalade konferenspriset kan ske utan kostnad f\u00f6r Avropsber\u00e4ttigad.<\/p>\n\n\n\n<p>Vid avbokning senare \u00e4n i tabellen angivet antal dagar har Ramavtalsleverant\u00f6ren r\u00e4tt att debitera hela det avtalade konferenspriset minus den procentsats som till\u00e5ts vid tidpunkten f\u00f6r avbokningen.<\/p>\n\n\n\n<p>Vid avbokning inom spannet 61-150 deltagare, som inneb\u00e4r att antalet deltagare blir f\u00e4rre \u00e4n 61, har Ramavtalsleverant\u00f6ren r\u00e4tt att f\u00f6r kvarst\u00e5ende deltagare debitera priset f\u00f6r lokalkostnad baserat p\u00e5 61 deltagare.<\/p>\n\n\n\n<p>Vid avbokning inom spannet 151 och fler som inneb\u00e4r att antalet deltagare blir f\u00e4rre \u00e4n 151, har Ramavtalsleverant\u00f6ren r\u00e4tt att f\u00f6r kvarst\u00e5ende deltagare debitera priset f\u00f6r lokalkostnad baserat p\u00e5 151 deltagare.<\/p>\n\n\n\n<p><\/p>\n\n\n\n<p>OBS! Avtalat pris \u00e4r exkl. moms. Det inneb\u00e4r att avbokningskostnaden ber\u00e4knas p\u00e5 pris exkl. moms.<\/p>\n\n\n\n<figure class=\"wp-block-table\"><table><tbody><tr><td><strong>Andel&nbsp; avbokning upp till och med angiven procent av det avtalade konferenspriset<\/strong><\/td><td><strong>Bokat antal deltagare<\/strong><strong>5-20<\/strong><\/td><td><strong>Bokat antal deltagare<\/strong><strong>21-40<\/strong><\/td><td><strong>Bokat antal deltagare<\/strong><strong>41-60<\/strong><\/td><td><strong>Bokat antal deltagare<\/strong><strong>61-80<\/strong><\/td><td><strong>Bokat antal deltagare<\/strong><strong>81-150<\/strong><\/td><td><strong>Bokat antal deltagare<\/strong><strong>151-250<\/strong><\/td><td><strong>Bokat antal deltagare<\/strong><strong>251-500<\/strong><\/td><td><strong>Bokat antal deltagare<\/strong><strong>501 och fler<\/strong><\/td><\/tr><tr><td><strong>100<\/strong><\/td><td>14<\/td><td>30<\/td><td>30<\/td><td>40<\/td><td>60<\/td><td>90<\/td><td>120<\/td><td>180<\/td><\/tr><tr><td><strong>75<\/strong><\/td><td>10<\/td><td>21<\/td><td>21<\/td><td>30<\/td><td>40<\/td><td>60<\/td><td>90<\/td><td>120<\/td><\/tr><tr><td><strong>50<\/strong><\/td><td>7<\/td><td>14<\/td><td>14<\/td><td>21<\/td><td>30<\/td><td>40<\/td><td>60<\/td><td>90<\/td><\/tr><tr><td><strong>25<\/strong><\/td><td>3<\/td><td>7<\/td><td>7<\/td><td>14<\/td><td>21<\/td><td>21<\/td><td>30<\/td><td>60<\/td><\/tr><tr><td><strong>10<\/strong><\/td><td>2<\/td><td>3<\/td><td>5<\/td><td>7<\/td><td>14<\/td><td>14<\/td><td>21<\/td><td>30<\/td><\/tr><tr><td><strong>5<\/strong><\/td><td>1<\/td><td>1<\/td><td>3<\/td><td>3<\/td><td>7<\/td><td>7<\/td><td>14<\/td><td>21<\/td><\/tr><\/tbody><\/table><\/figure>\n<\/div>\n<\/div>\n<\/div>\n<\/section>\n","protected":false},"excerpt":{"rendered":"","protected":false},"author":3,"featured_media":0,"parent":0,"menu_order":0,"comment_status":"closed","ping_status":"closed","template":"","meta":{"inline_featured_image":false,"footnotes":""},"class_list":["post-10293","page","type-page","status-publish","hentry"],"yoast_head":"<!-- This site is optimized with the Yoast SEO plugin v27.3 - https:\/\/yoast.com\/product\/yoast-seo-wordpress\/ -->\n<title>Bokningsvillkor Ramavtal - United Spaces<\/title>\n<meta name=\"robots\" content=\"noindex, follow, max-snippet:-1, max-image-preview:large, max-video-preview:-1\" \/>\n<meta property=\"og:locale\" content=\"sv_SE\" \/>\n<meta property=\"og:type\" content=\"article\" \/>\n<meta property=\"og:title\" content=\"Bokningsvillkor Ramavtal - United Spaces\" \/>\n<meta property=\"og:url\" content=\"https:\/\/staging.unitedspaces.com\/sv\/ramavtal-avbokningsregler\" \/>\n<meta property=\"og:site_name\" content=\"United Spaces\" \/>\n<meta property=\"article:modified_time\" content=\"2026-03-12T11:14:15+00:00\" \/>\n<meta name=\"twitter:card\" content=\"summary_large_image\" \/>\n<meta name=\"twitter:label1\" content=\"Ber\u00e4knad l\u00e4stid\" \/>\n\t<meta name=\"twitter:data1\" content=\"2 minuter\" \/>\n<script type=\"application\/ld+json\" class=\"yoast-schema-graph\">{\"@context\":\"https:\\\/\\\/schema.org\",\"@graph\":[{\"@type\":\"WebPage\",\"@id\":\"https:\\\/\\\/staging.unitedspaces.com\\\/sv\\\/ramavtal-avbokningsregler\",\"url\":\"https:\\\/\\\/staging.unitedspaces.com\\\/sv\\\/ramavtal-avbokningsregler\",\"name\":\"Bokningsvillkor Ramavtal - United Spaces\",\"isPartOf\":{\"@id\":\"https:\\\/\\\/staging.unitedspaces.com\\\/sv\\\/#website\"},\"datePublished\":\"2023-12-18T09:15:22+00:00\",\"dateModified\":\"2026-03-12T11:14:15+00:00\",\"breadcrumb\":{\"@id\":\"https:\\\/\\\/staging.unitedspaces.com\\\/sv\\\/ramavtal-avbokningsregler#breadcrumb\"},\"inLanguage\":\"sv-SE\",\"potentialAction\":[{\"@type\":\"ReadAction\",\"target\":[\"https:\\\/\\\/staging.unitedspaces.com\\\/sv\\\/ramavtal-avbokningsregler\"]}]},{\"@type\":\"BreadcrumbList\",\"@id\":\"https:\\\/\\\/staging.unitedspaces.com\\\/sv\\\/ramavtal-avbokningsregler#breadcrumb\",\"itemListElement\":[{\"@type\":\"ListItem\",\"position\":1,\"name\":\"Home\",\"item\":\"https:\\\/\\\/staging.unitedspaces.com\\\/sv\"},{\"@type\":\"ListItem\",\"position\":2,\"name\":\"Bokningsvillkor Ramavtal\"}]},{\"@type\":\"WebSite\",\"@id\":\"https:\\\/\\\/staging.unitedspaces.com\\\/sv\\\/#website\",\"url\":\"https:\\\/\\\/staging.unitedspaces.com\\\/sv\\\/\",\"name\":\"United Spaces\",\"description\":\"\",\"publisher\":{\"@id\":\"https:\\\/\\\/staging.unitedspaces.com\\\/sv\\\/#organization\"},\"potentialAction\":[{\"@type\":\"SearchAction\",\"target\":{\"@type\":\"EntryPoint\",\"urlTemplate\":\"https:\\\/\\\/staging.unitedspaces.com\\\/sv\\\/?s={search_term_string}\"},\"query-input\":{\"@type\":\"PropertyValueSpecification\",\"valueRequired\":true,\"valueName\":\"search_term_string\"}}],\"inLanguage\":\"sv-SE\"},{\"@type\":\"Organization\",\"@id\":\"https:\\\/\\\/staging.unitedspaces.com\\\/sv\\\/#organization\",\"name\":\"United Spaces\",\"url\":\"https:\\\/\\\/staging.unitedspaces.com\\\/sv\\\/\",\"logo\":{\"@type\":\"ImageObject\",\"inLanguage\":\"sv-SE\",\"@id\":\"https:\\\/\\\/staging.unitedspaces.com\\\/sv\\\/#\\\/schema\\\/logo\\\/image\\\/\",\"url\":\"https:\\\/\\\/staging.unitedspaces.com\\\/wp-content\\\/uploads\\\/2023\\\/09\\\/logo.svg\",\"contentUrl\":\"https:\\\/\\\/staging.unitedspaces.com\\\/wp-content\\\/uploads\\\/2023\\\/09\\\/logo.svg\",\"width\":100,\"height\":38,\"caption\":\"United Spaces\"},\"image\":{\"@id\":\"https:\\\/\\\/staging.unitedspaces.com\\\/sv\\\/#\\\/schema\\\/logo\\\/image\\\/\"}}]}<\/script>\n<!-- \/ Yoast SEO plugin. -->","yoast_head_json":{"title":"Bokningsvillkor Ramavtal - United Spaces","robots":{"index":"noindex","follow":"follow","max-snippet":"max-snippet:-1","max-image-preview":"max-image-preview:large","max-video-preview":"max-video-preview:-1"},"og_locale":"sv_SE","og_type":"article","og_title":"Bokningsvillkor Ramavtal - United Spaces","og_url":"https:\/\/staging.unitedspaces.com\/sv\/ramavtal-avbokningsregler","og_site_name":"United Spaces","article_modified_time":"2026-03-12T11:14:15+00:00","twitter_card":"summary_large_image","twitter_misc":{"Ber\u00e4knad l\u00e4stid":"2 minuter"},"schema":{"@context":"https:\/\/schema.org","@graph":[{"@type":"WebPage","@id":"https:\/\/staging.unitedspaces.com\/sv\/ramavtal-avbokningsregler","url":"https:\/\/staging.unitedspaces.com\/sv\/ramavtal-avbokningsregler","name":"Bokningsvillkor Ramavtal - United Spaces","isPartOf":{"@id":"https:\/\/staging.unitedspaces.com\/sv\/#website"},"datePublished":"2023-12-18T09:15:22+00:00","dateModified":"2026-03-12T11:14:15+00:00","breadcrumb":{"@id":"https:\/\/staging.unitedspaces.com\/sv\/ramavtal-avbokningsregler#breadcrumb"},"inLanguage":"sv-SE","potentialAction":[{"@type":"ReadAction","target":["https:\/\/staging.unitedspaces.com\/sv\/ramavtal-avbokningsregler"]}]},{"@type":"BreadcrumbList","@id":"https:\/\/staging.unitedspaces.com\/sv\/ramavtal-avbokningsregler#breadcrumb","itemListElement":[{"@type":"ListItem","position":1,"name":"Home","item":"https:\/\/staging.unitedspaces.com\/sv"},{"@type":"ListItem","position":2,"name":"Bokningsvillkor Ramavtal"}]},{"@type":"WebSite","@id":"https:\/\/staging.unitedspaces.com\/sv\/#website","url":"https:\/\/staging.unitedspaces.com\/sv\/","name":"United Spaces","description":"","publisher":{"@id":"https:\/\/staging.unitedspaces.com\/sv\/#organization"},"potentialAction":[{"@type":"SearchAction","target":{"@type":"EntryPoint","urlTemplate":"https:\/\/staging.unitedspaces.com\/sv\/?s={search_term_string}"},"query-input":{"@type":"PropertyValueSpecification","valueRequired":true,"valueName":"search_term_string"}}],"inLanguage":"sv-SE"},{"@type":"Organization","@id":"https:\/\/staging.unitedspaces.com\/sv\/#organization","name":"United Spaces","url":"https:\/\/staging.unitedspaces.com\/sv\/","logo":{"@type":"ImageObject","inLanguage":"sv-SE","@id":"https:\/\/staging.unitedspaces.com\/sv\/#\/schema\/logo\/image\/","url":"https:\/\/staging.unitedspaces.com\/wp-content\/uploads\/2023\/09\/logo.svg","contentUrl":"https:\/\/staging.unitedspaces.com\/wp-content\/uploads\/2023\/09\/logo.svg","width":100,"height":38,"caption":"United Spaces"},"image":{"@id":"https:\/\/staging.unitedspaces.com\/sv\/#\/schema\/logo\/image\/"}}]}},"_links":{"self":[{"href":"https:\/\/staging.unitedspaces.com\/sv\/wp-json\/wp\/v2\/pages\/10293","targetHints":{"allow":["GET"]}}],"collection":[{"href":"https:\/\/staging.unitedspaces.com\/sv\/wp-json\/wp\/v2\/pages"}],"about":[{"href":"https:\/\/staging.unitedspaces.com\/sv\/wp-json\/wp\/v2\/types\/page"}],"author":[{"embeddable":true,"href":"https:\/\/staging.unitedspaces.com\/sv\/wp-json\/wp\/v2\/users\/3"}],"replies":[{"embeddable":true,"href":"https:\/\/staging.unitedspaces.com\/sv\/wp-json\/wp\/v2\/comments?post=10293"}],"version-history":[{"count":3,"href":"https:\/\/staging.unitedspaces.com\/sv\/wp-json\/wp\/v2\/pages\/10293\/revisions"}],"predecessor-version":[{"id":877314,"href":"https:\/\/staging.unitedspaces.com\/sv\/wp-json\/wp\/v2\/pages\/10293\/revisions\/877314"}],"wp:attachment":[{"href":"https:\/\/staging.unitedspaces.com\/sv\/wp-json\/wp\/v2\/media?parent=10293"}],"curies":[{"name":"wp","href":"https:\/\/api.w.org\/{rel}","templated":true}]}}